{"id":12437,"date":"2022-01-04T08:46:39","date_gmt":"2022-01-04T07:46:39","guid":{"rendered":"http:\/\/www.zokola.be\/?page_id=12437"},"modified":"2023-08-04T10:02:48","modified_gmt":"2023-08-04T09:02:48","slug":"holgoed","status":"publish","type":"page","link":"https:\/\/zokola.be\/de\/schokoladenfiguren\/","title":{"rendered":"Schokoladenfiguren"},"content":{"rendered":"<div data-elementor-type=\"wp-page\" data-elementor-id=\"12437\" class=\"elementor elementor-12437\" data-elementor-post-type=\"page\">\n\t\t\t\t\t\t<section class=\"elementor-section elementor-top-section elementor-element elementor-element-609ec3a elementor-section-height-min-height elementor-section-full_width elementor-section-height-default elementor-section-items-middle qodef-elementor-content-no\" data-id=\"609ec3a\" data-element_type=\"section\" data-settings=\"{&quot;background_background&quot;:&quot;classic&quot;}\">\n\t\t\t\t\t\t<div class=\"elementor-container elementor-column-gap-default\">\n\t\t\t\t\t<div class=\"elementor-column elementor-col-100 elementor-top-column elementor-element elementor-element-cf16cbf\" data-id=\"cf16cbf\" data-element_type=\"column\">\n\t\t\t<div class=\"elementor-widget-wrap\">\n\t\t\t\t\t\t\t<\/div>\n\t\t<\/div>\n\t\t\t\t\t<\/div>\n\t\t<\/section>\n\t\t\t\t<section class=\"elementor-section elementor-top-section elementor-element elementor-element-8663863 qodef-elementor-content-grid elementor-section-boxed elementor-section-height-default elementor-section-height-default\" data-id=\"8663863\" data-element_type=\"section\" data-settings=\"{&quot;background_background&quot;:&quot;classic&quot;}\">\n\t\t\t\t\t\t<div class=\"elementor-container elementor-column-gap-default\">\n\t\t\t\t\t<div class=\"elementor-column elementor-col-100 elementor-top-column elementor-element elementor-element-5742302\" data-id=\"5742302\" data-element_type=\"column\">\n\t\t\t<div class=\"elementor-widget-wrap elementor-element-populated\">\n\t\t\t\t\t\t<div class=\"elementor-element elementor-element-c943e63 elementor-widget elementor-widget-swissdelight_core_section_title\" data-id=\"c943e63\" data-element_type=\"widget\" data-widget_type=\"swissdelight_core_section_title.default\">\n\t\t\t\t<div class=\"elementor-widget-container\">\n\t\t\t\t\t<div class=\"qodef-shortcode qodef-m  qodef-section-title qodef-alignment--center  qodef-appear-animation--enabled\">\n\t\t<span class=\"qodef-m-tagline\" >Osterfest  oder Sint Nikolaus?<\/span>\n\t<h1 class=\"qodef-m-title\" >\n\t\t\t<span class=\"qodef-subtitle-wrapper\">Schokoladenfiguren<span class=\"qodef-m-subtitle\" >Traditie<\/span><\/span>\t<\/h1>\n\t\t<\/div>\n\t\t\t\t<\/div>\n\t\t\t\t<\/div>\n\t\t\t\t<div class=\"elementor-element elementor-element-e0e0b86 elementor-widget elementor-widget-spacer\" data-id=\"e0e0b86\" data-element_type=\"widget\" data-widget_type=\"spacer.default\">\n\t\t\t\t<div class=\"elementor-widget-container\">\n\t\t\t\t\t\t\t<div class=\"elementor-spacer\">\n\t\t\t<div class=\"elementor-spacer-inner\"><\/div>\n\t\t<\/div>\n\t\t\t\t\t\t<\/div>\n\t\t\t\t<\/div>\n\t\t\t\t<section class=\"elementor-section elementor-inner-section elementor-element elementor-element-95e63e1 elementor-section-boxed elementor-section-height-default elementor-section-height-default qodef-elementor-content-no\" data-id=\"95e63e1\" data-element_type=\"section\">\n\t\t\t\t\t\t<div class=\"elementor-container elementor-column-gap-default\">\n\t\t\t\t\t<div class=\"elementor-column elementor-col-50 elementor-inner-column elementor-element elementor-element-4a53ba2\" data-id=\"4a53ba2\" data-element_type=\"column\">\n\t\t\t<div class=\"elementor-widget-wrap elementor-element-populated\">\n\t\t\t\t\t\t<div class=\"elementor-element elementor-element-291df4d elementor-widget elementor-widget-heading\" data-id=\"291df4d\" data-element_type=\"widget\" data-widget_type=\"heading.default\">\n\t\t\t\t<div class=\"elementor-widget-container\">\n\t\t\t\t\t<h2 class=\"elementor-heading-title elementor-size-default\">Schokoladen figuren: ein Muss<\/h2>\t\t\t\t<\/div>\n\t\t\t\t<\/div>\n\t\t\t\t<div class=\"elementor-element elementor-element-6bc1cb6 elementor-widget elementor-widget-text-editor\" data-id=\"6bc1cb6\" data-element_type=\"widget\" data-widget_type=\"text-editor.default\">\n\t\t\t\t<div class=\"elementor-widget-container\">\n\t\t\t\t\t\t\t\t\t<p>Mit Ostern oder mit dem Sint Nikolaus, die Tradition m\u00f6chte Schokoladen figuren auf dem Tisch haben. Auch hier macht Zokola qualitativ keine Zugest\u00e4ndnisse. Die Figuren bekommen eine doppelte Schicht, damit sie sch\u00f6n knusprig sind. Darin unterscheidet sich der traditionelle Osterhase von seiner industriellen Variante, die nur einmal gegossen wird. Auch die Verwendung von guter Basisschokolade ist sehr wichtig! <\/p><p>Eine gro\u00dfe Vielfalt an Figuren ist das Ergebnis jahrelanger Investitionen in den Kauf neuer Formen: vom Mini-Osterhasen bis zum Super-Hasen von 47 cm, vom kleinen Sankten bis zu seinem mega gro\u00dfen von 40 cm, Zokola hat alles.<\/p><p>Wir bieten auch eine Reihe von Figuren aus zuckerfreier Schokolade an, die Sie ebenfalls bei unseren Wiederverk\u00e4ufern finden.<\/p><p><span class=\"Apple-converted-space\">\u00a0<\/span><\/p>\t\t\t\t\t\t\t\t<\/div>\n\t\t\t\t<\/div>\n\t\t\t\t\t<\/div>\n\t\t<\/div>\n\t\t\t\t<div class=\"elementor-column elementor-col-50 elementor-inner-column elementor-element elementor-element-f71511a\" data-id=\"f71511a\" data-element_type=\"column\">\n\t\t\t<div class=\"elementor-widget-wrap elementor-element-populated\">\n\t\t\t\t\t\t<div class=\"elementor-element elementor-element-fb7b86e elementor-widget elementor-widget-heading\" data-id=\"fb7b86e\" data-element_type=\"widget\" data-widget_type=\"heading.default\">\n\t\t\t\t<div class=\"elementor-widget-container\">\n\t\t\t\t\t<h2 class=\"elementor-heading-title elementor-size-default\">Unternehmens Pakete<\/h2>\t\t\t\t<\/div>\n\t\t\t\t<\/div>\n\t\t\t\t<div class=\"elementor-element elementor-element-d2b5029 elementor-widget elementor-widget-text-editor\" data-id=\"d2b5029\" data-element_type=\"widget\" data-widget_type=\"text-editor.default\">\n\t\t\t\t<div class=\"elementor-widget-container\">\n\t\t\t\t\t\t\t\t\t<p>Dar\u00fcber hinaus bietet Zokola ein sehr breites Spektrum an Unternehmenspaketen f\u00fcr Kunden und Mitarbeiter an. Ob es ein bescheidenes Paket f\u00fcr ein kleines Budget sein soll oder eine gr\u00f6\u00dfere mehr luxuri\u00f6se, Zokola hat es. Kann ich auch einen Schokoladenkuss hinzuf\u00fcgen? Oder soll die Verpackung mit einem Aufkleber oder einem Umschlag personalisiert werden? Alles ist m\u00f6glich. Fordern Sie gerne unseren Saisonprospekt an. Wir bieten einen Mengenrabatt ab 150 \u20ac netto.<\/p><p>Weil die Schokoladensaison sehr besch\u00e4ftigt ist, ist es ratsam, Ihre Pakete rechtzeitig zu bestellen. Wenn Sie \u00fcber ein bestimmtes Budget verf\u00fcgen, erarbeiten wir gerne mehrere Vorschl\u00e4ge f\u00fcr Sie.<\/p><div id=\"ConnectiveDocSignExtentionInstalled\" data-extension-version=\"1.0.4\">\u00a0<\/div>\t\t\t\t\t\t\t\t<\/div>\n\t\t\t\t<\/div>\n\t\t\t\t\t<\/div>\n\t\t<\/div>\n\t\t\t\t\t<\/div>\n\t\t<\/section>\n\t\t\t\t\t<\/div>\n\t\t<\/div>\n\t\t\t\t\t<\/div>\n\t\t<\/section>\n\t\t\t\t<section class=\"elementor-section elementor-top-section elementor-element elementor-element-3579c03 elementor-section-boxed elementor-section-height-default elementor-section-height-default qodef-elementor-content-no\" data-id=\"3579c03\" data-element_type=\"section\">\n\t\t\t\t\t\t<div class=\"elementor-container elementor-column-gap-default\">\n\t\t\t\t\t<div class=\"elementor-column elementor-col-100 elementor-top-column elementor-element elementor-element-1bd691f\" data-id=\"1bd691f\" data-element_type=\"column\">\n\t\t\t<div class=\"elementor-widget-wrap elementor-element-populated\">\n\t\t\t\t\t\t<div class=\"elementor-element elementor-element-73fd99d elementor-widget elementor-widget-tp-gallery-listout\" data-id=\"73fd99d\" data-element_type=\"widget\" data-widget_type=\"tp-gallery-listout.default\">\n\t\t\t\t<div class=\"elementor-widget-container\">\n\t\t\t\t\t<div id=\"pt-plus-gallery-list\" class=\"gallery-list post69d37310b26b9  list-isotope-metro  gallery-style-1 hover-image-style-1\"  data-layout-type=\"metro\"  data-metro-columns=\"3\"  data-metro-style=\"style-1\"   data-id=\"post69d37310b26b9\" data-style=\"style-1\"  data-enable-isotope=\"1\"><div id=\"post69d37310b26b9\" class=\"tp-row post-inner-loop post69d37310b26b9\"><div class=\"grid-item metro-item1\" >\t<div class=\"gallery-list-content\">\n\n\t\t<div class=\"post-content-center\">\t\t\n\t\t<div class=\"post-hover-content\">\n\t\t\t<div class=\"meta-search-icon\">\t\n\t\t<a href=\"https:\/\/zokola.be\/wp-content\/uploads\/2021\/11\/Zokola-124400.jpg\" data-elementor-open-lightbox=\"default\" data-elementor-lightbox-slideshow=\"icn-73fd99d\"><i class=\"fas fa-search-plus\" aria-hidden=\"true\"><\/i><\/a>\n<\/div>\t\t\t\t\t\t\t\t\t\t\t<\/div>\n\t<\/div>\n\t\t\t<div class=\"gallery-bg-image-metro\" style=\"background:url(https:\/\/zokola.be\/wp-content\/uploads\/2021\/11\/Zokola-124400.jpg)\"><\/div>\n\t\t<\/div><\/div><div class=\"grid-item metro-item2\" >\t<div class=\"gallery-list-content\">\n\n\t\t<div class=\"post-content-center\">\t\t\n\t\t<div class=\"post-hover-content\">\n\t\t\t<div class=\"meta-search-icon\">\t\n\t\t<a href=\"https:\/\/zokola.be\/wp-content\/uploads\/2021\/11\/Zokola-124333.jpg\" data-elementor-open-lightbox=\"default\" data-elementor-lightbox-slideshow=\"icn-73fd99d\"><i class=\"fas fa-search-plus\" aria-hidden=\"true\"><\/i><\/a>\n<\/div>\t\t\t\t\t\t\t\t\t\t\t<\/div>\n\t<\/div>\n\t\t\t<div class=\"gallery-bg-image-metro\" style=\"background:url(https:\/\/zokola.be\/wp-content\/uploads\/2021\/11\/Zokola-124333.jpg)\"><\/div>\n\t\t<\/div><\/div><div class=\"grid-item metro-item3\" >\t<div class=\"gallery-list-content\">\n\n\t\t<div class=\"post-content-center\">\t\t\n\t\t<div class=\"post-hover-content\">\n\t\t\t<div class=\"meta-search-icon\">\t\n\t\t<a href=\"https:\/\/zokola.be\/wp-content\/uploads\/2021\/11\/Zokola-124397.jpg\" data-elementor-open-lightbox=\"default\" data-elementor-lightbox-slideshow=\"icn-73fd99d\"><i class=\"fas fa-search-plus\" aria-hidden=\"true\"><\/i><\/a>\n<\/div>\t\t\t\t\t\t\t\t\t\t\t<\/div>\n\t<\/div>\n\t\t\t<div class=\"gallery-bg-image-metro\" style=\"background:url(https:\/\/zokola.be\/wp-content\/uploads\/2021\/11\/Zokola-124397.jpg)\"><\/div>\n\t\t<\/div><\/div><\/div><\/div>\t\t\t\t<\/div>\n\t\t\t\t<\/div>\n\t\t\t\t\t<\/div>\n\t\t<\/div>\n\t\t\t\t\t<\/div>\n\t\t<\/section>\n\t\t\t\t<section class=\"elementor-section elementor-top-section elementor-element elementor-element-80ed468 qodef-elementor-content-grid elementor-section-boxed elementor-section-height-default elementor-section-height-default\" data-id=\"80ed468\" data-element_type=\"section\" data-settings=\"{&quot;background_background&quot;:&quot;classic&quot;}\">\n\t\t\t\t\t\t<div class=\"elementor-container elementor-column-gap-default\">\n\t\t\t\t\t<div class=\"elementor-column elementor-col-33 elementor-top-column elementor-element elementor-element-1320085\" data-id=\"1320085\" data-element_type=\"column\">\n\t\t\t<div class=\"elementor-widget-wrap elementor-element-populated\">\n\t\t\t\t\t\t<div class=\"elementor-element elementor-element-602a6e4 elementor-widget__width-auto elementor-widget elementor-widget-global elementor-global-12355 elementor-widget-swissdelight_core_icon_with_text\" data-id=\"602a6e4\" data-element_type=\"widget\" data-widget_type=\"swissdelight_core_icon_with_text.default\">\n\t\t\t\t<div class=\"elementor-widget-container\">\n\t\t\t\t\t<div class=\"qodef-shortcode qodef-m  qodef-icon-with-text qodef-layout--before-title qodef--icon-pack\">\n\t<div class=\"qodef-m-content\">\n\t\t\t<h6 class=\"qodef-m-title\" >\n\t\t\t\t\t<a itemprop=\"url\" href=\"https:\/\/zokola.be\/de\/uber-zokola\/\" target=\"_self\">\n\t\t\t\t\t<span class=\"qodef-m-title-inner\">\n\t\t\t\t<span class=\"qodef-m-icon-wrapper\">\n\t\t\t\t\t<span class=\"qodef-shortcode qodef-m  qodef-icon-holder qodef-size--default qodef-layout--normal\"  >\t\t\t<span class=\"qodef-icon-linear-icons lnr-home lnr qodef-icon qodef-e\" style=\"\" ><\/span>\t<\/span>\t\t\t\t<\/span>\n\t\t\t\t<span class=\"qodef-m-title-text\">\n\t\t\t\t\t\u00fbber zokola\t\t\t\t<\/span>\n\t\t\t<\/span>\n\t\t\t\t\t<\/a>\n\t\t\t<\/h6>\n\t\t\t<\/div>\n<\/div>\n\t\t\t\t<\/div>\n\t\t\t\t<\/div>\n\t\t\t\t\t<\/div>\n\t\t<\/div>\n\t\t\t\t<div class=\"elementor-column elementor-col-33 elementor-top-column elementor-element elementor-element-03f2f9d\" data-id=\"03f2f9d\" data-element_type=\"column\">\n\t\t\t<div class=\"elementor-widget-wrap elementor-element-populated\">\n\t\t\t\t\t\t<div class=\"elementor-element elementor-element-d91979e elementor-widget__width-auto elementor-widget elementor-widget-global elementor-global-12358 elementor-widget-swissdelight_core_icon_with_text\" data-id=\"d91979e\" data-element_type=\"widget\" data-widget_type=\"swissdelight_core_icon_with_text.default\">\n\t\t\t\t<div class=\"elementor-widget-container\">\n\t\t\t\t\t<div class=\"qodef-shortcode qodef-m  qodef-icon-with-text qodef-layout--before-title qodef--icon-pack\">\n\t<div class=\"qodef-m-content\">\n\t\t\t<h6 class=\"qodef-m-title\" >\n\t\t\t\t\t<a itemprop=\"url\" href=\"https:\/\/zokola.be\/de\/b2b-zone\/\" target=\"_self\">\n\t\t\t\t\t<span class=\"qodef-m-title-inner\">\n\t\t\t\t<span class=\"qodef-m-icon-wrapper\">\n\t\t\t\t\t<span class=\"qodef-shortcode qodef-m  qodef-icon-holder qodef-size--default qodef-layout--normal\"  >\t\t\t<span class=\"qodef-icon-linear-icons lnr-exit lnr qodef-icon qodef-e\" style=\"\" ><\/span>\t<\/span>\t\t\t\t<\/span>\n\t\t\t\t<span class=\"qodef-m-title-text\">\n\t\t\t\t\tB2B Zone\t\t\t\t<\/span>\n\t\t\t<\/span>\n\t\t\t\t\t<\/a>\n\t\t\t<\/h6>\n\t\t\t<\/div>\n<\/div>\n\t\t\t\t<\/div>\n\t\t\t\t<\/div>\n\t\t\t\t\t<\/div>\n\t\t<\/div>\n\t\t\t\t<div class=\"elementor-column elementor-col-33 elementor-top-column elementor-element elementor-element-3846142\" data-id=\"3846142\" data-element_type=\"column\">\n\t\t\t<div class=\"elementor-widget-wrap elementor-element-populated\">\n\t\t\t\t\t\t<div class=\"elementor-element elementor-element-e9c231a elementor-widget__width-auto elementor-widget elementor-widget-global elementor-global-12361 elementor-widget-swissdelight_core_icon_with_text\" data-id=\"e9c231a\" data-element_type=\"widget\" data-widget_type=\"swissdelight_core_icon_with_text.default\">\n\t\t\t\t<div class=\"elementor-widget-container\">\n\t\t\t\t\t<div class=\"qodef-shortcode qodef-m  qodef-icon-with-text qodef-layout--before-title qodef--icon-pack\">\n\t<div class=\"qodef-m-content\">\n\t\t\t<h6 class=\"qodef-m-title\" >\n\t\t\t\t\t<a itemprop=\"url\" href=\"https:\/\/zokola.be\/de\/verkaufsstellen\/\" target=\"_self\">\n\t\t\t\t\t<span class=\"qodef-m-title-inner\">\n\t\t\t\t<span class=\"qodef-m-icon-wrapper\">\n\t\t\t\t\t<span class=\"qodef-shortcode qodef-m  qodef-icon-holder qodef-size--default qodef-layout--normal\"  >\t\t\t<span class=\"qodef-icon-linear-icons lnr-map lnr qodef-icon qodef-e\" style=\"\" ><\/span>\t<\/span>\t\t\t\t<\/span>\n\t\t\t\t<span class=\"qodef-m-title-text\">\n\t\t\t\t\tverkaufsstellen\t\t\t\t<\/span>\n\t\t\t<\/span>\n\t\t\t\t\t<\/a>\n\t\t\t<\/h6>\n\t\t\t<\/div>\n<\/div>\n\t\t\t\t<\/div>\n\t\t\t\t<\/div>\n\t\t\t\t\t<\/div>\n\t\t<\/div>\n\t\t\t\t\t<\/div>\n\t\t<\/section>\n\t\t\t\t<\/div>","protected":false},"excerpt":{"rendered":"<p>Pasen of Sint? HolgoedTraditie CHOCOLADE FIGUURTJES: EEN MUST! Of het nu Pasen of de Sint is, de traditie wil dat er holgoed op tafel komt. Ook daar doet Zokola geen concessies qua kwaliteit. De figuren krijgen een dubbel laagje zodat ze lekker krokant zijn. Daarin verschilt de ambachtelijke paashaas van z&#8217;n industri\u00eble variant\u00a0 die maar [&hellip;]<\/p>","protected":false},"author":1,"featured_media":12003,"parent":0,"menu_order":0,"comment_status":"closed","ping_status":"closed","template":"page-full-width.php","meta":{"_acf_changed":false,"footnotes":""},"class_list":["post-12437","page","type-page","status-publish","has-post-thumbnail","hentry"],"acf":[],"yoast_head":"<!-- This site is optimized with the Yoast SEO plugin v26.2 - https:\/\/yoast.com\/wordpress\/plugins\/seo\/ -->\n<title>Holgoed - Zokola<\/title>\n<meta name=\"robots\" content=\"index, follow, max-snippet:-1, max-image-preview:large, max-video-preview:-1\" \/>\n<link rel=\"canonical\" href=\"https:\/\/zokola.be\/de\/figurines-creuses\/\" \/>\n<meta property=\"og:locale\" content=\"de_DE\" \/>\n<meta property=\"og:type\" content=\"article\" \/>\n<meta property=\"og:title\" content=\"Holgoed - Zokola\" \/>\n<meta property=\"og:description\" content=\"Pasen of Sint? HolgoedTraditie CHOCOLADE FIGUURTJES: EEN MUST! Of het nu Pasen of de Sint is, de traditie wil dat er holgoed op tafel komt. Ook daar doet Zokola geen concessies qua kwaliteit. De figuren krijgen een dubbel laagje zodat ze lekker krokant zijn. Daarin verschilt de ambachtelijke paashaas van z&#8217;n industri\u00eble variant\u00a0 die maar [&hellip;]\" \/>\n<meta property=\"og:url\" content=\"https:\/\/zokola.be\/de\/figurines-creuses\/\" \/>\n<meta property=\"og:site_name\" content=\"Zokola\" \/>\n<meta property=\"article:modified_time\" content=\"2023-08-04T09:02:48+00:00\" \/>\n<meta property=\"og:image\" content=\"https:\/\/zokola.be\/wp-content\/uploads\/2021\/11\/Zokola-124314.jpg\" \/>\n\t<meta property=\"og:image:width\" content=\"2000\" \/>\n\t<meta property=\"og:image:height\" content=\"1295\" \/>\n\t<meta property=\"og:image:type\" content=\"image\/jpeg\" \/>\n<meta name=\"twitter:card\" content=\"summary_large_image\" \/>\n<meta name=\"twitter:label1\" content=\"Gesch\u00e4tzte Lesezeit\" \/>\n\t<meta name=\"twitter:data1\" content=\"2\u00a0Minuten\" \/>\n<script type=\"application\/ld+json\" class=\"yoast-schema-graph\">{\"@context\":\"https:\/\/schema.org\",\"@graph\":[{\"@type\":\"WebPage\",\"@id\":\"https:\/\/zokola.be\/fr\/figurines-creuses\/\",\"url\":\"https:\/\/zokola.be\/fr\/figurines-creuses\/\",\"name\":\"Holgoed - Zokola\",\"isPartOf\":{\"@id\":\"https:\/\/zokola.be\/fr\/#website\"},\"primaryImageOfPage\":{\"@id\":\"https:\/\/zokola.be\/fr\/figurines-creuses\/#primaryimage\"},\"image\":{\"@id\":\"https:\/\/zokola.be\/fr\/figurines-creuses\/#primaryimage\"},\"thumbnailUrl\":\"https:\/\/zokola.be\/wp-content\/uploads\/2021\/11\/Zokola-124314.jpg\",\"datePublished\":\"2022-01-04T07:46:39+00:00\",\"dateModified\":\"2023-08-04T09:02:48+00:00\",\"breadcrumb\":{\"@id\":\"https:\/\/zokola.be\/fr\/figurines-creuses\/#breadcrumb\"},\"inLanguage\":\"de\",\"potentialAction\":[{\"@type\":\"ReadAction\",\"target\":[\"https:\/\/zokola.be\/fr\/figurines-creuses\/\"]}]},{\"@type\":\"ImageObject\",\"inLanguage\":\"de\",\"@id\":\"https:\/\/zokola.be\/fr\/figurines-creuses\/#primaryimage\",\"url\":\"https:\/\/zokola.be\/wp-content\/uploads\/2021\/11\/Zokola-124314.jpg\",\"contentUrl\":\"https:\/\/zokola.be\/wp-content\/uploads\/2021\/11\/Zokola-124314.jpg\",\"width\":2000,\"height\":1295,\"caption\":\"Holgoed Chocolade door Zokola\"},{\"@type\":\"BreadcrumbList\",\"@id\":\"https:\/\/zokola.be\/fr\/figurines-creuses\/#breadcrumb\",\"itemListElement\":[{\"@type\":\"ListItem\",\"position\":1,\"name\":\"Home\",\"item\":\"https:\/\/zokola.be\/\"},{\"@type\":\"ListItem\",\"position\":2,\"name\":\"Holgoed\"}]},{\"@type\":\"WebSite\",\"@id\":\"https:\/\/zokola.be\/fr\/#website\",\"url\":\"https:\/\/zokola.be\/fr\/\",\"name\":\"Zokola\",\"description\":\"Business Boosting Chocolates\",\"publisher\":{\"@id\":\"https:\/\/zokola.be\/fr\/#organization\"},\"potentialAction\":[{\"@type\":\"SearchAction\",\"target\":{\"@type\":\"EntryPoint\",\"urlTemplate\":\"https:\/\/zokola.be\/fr\/?s={search_term_string}\"},\"query-input\":{\"@type\":\"PropertyValueSpecification\",\"valueRequired\":true,\"valueName\":\"search_term_string\"}}],\"inLanguage\":\"de\"},{\"@type\":\"Organization\",\"@id\":\"https:\/\/zokola.be\/fr\/#organization\",\"name\":\"Zokola\",\"url\":\"https:\/\/zokola.be\/fr\/\",\"logo\":{\"@type\":\"ImageObject\",\"inLanguage\":\"de\",\"@id\":\"https:\/\/zokola.be\/fr\/#\/schema\/logo\/image\/\",\"url\":\"http:\/\/www.zokola.be\/wp-content\/uploads\/2022\/01\/zokola_logo_bruin-1.png\",\"contentUrl\":\"http:\/\/www.zokola.be\/wp-content\/uploads\/2022\/01\/zokola_logo_bruin-1.png\",\"width\":500,\"height\":170,\"caption\":\"Zokola\"},\"image\":{\"@id\":\"https:\/\/zokola.be\/fr\/#\/schema\/logo\/image\/\"}}]}<\/script>\n<!-- \/ Yoast SEO plugin. -->","yoast_head_json":{"title":"Schokoladenfiguren","robots":{"index":"index","follow":"follow","max-snippet":"max-snippet:-1","max-image-preview":"max-image-preview:large","max-video-preview":"max-video-preview:-1"},"canonical":"https:\/\/zokola.be\/de\/figurines-creuses\/","og_locale":"de_DE","og_type":"article","og_title":"Holgoed - Zokola","og_description":"Pasen of Sint? HolgoedTraditie CHOCOLADE FIGUURTJES: EEN MUST! Of het nu Pasen of de Sint is, de traditie wil dat er holgoed op tafel komt. Ook daar doet Zokola geen concessies qua kwaliteit. De figuren krijgen een dubbel laagje zodat ze lekker krokant zijn. Daarin verschilt de ambachtelijke paashaas van z&#8217;n industri\u00eble variant\u00a0 die maar [&hellip;]","og_url":"https:\/\/zokola.be\/de\/figurines-creuses\/","og_site_name":"Zokola","article_modified_time":"2023-08-04T09:02:48+00:00","og_image":[{"width":2000,"height":1295,"url":"https:\/\/zokola.be\/wp-content\/uploads\/2021\/11\/Zokola-124314.jpg","type":"image\/jpeg"}],"twitter_card":"summary_large_image","twitter_misc":{"Gesch\u00e4tzte Lesezeit":"2\u00a0Minuten"},"schema":{"@context":"https:\/\/schema.org","@graph":[{"@type":"WebPage","@id":"https:\/\/zokola.be\/fr\/figurines-creuses\/","url":"https:\/\/zokola.be\/fr\/figurines-creuses\/","name":"Schokoladenfiguren","isPartOf":{"@id":"https:\/\/zokola.be\/fr\/#website"},"primaryImageOfPage":{"@id":"https:\/\/zokola.be\/fr\/figurines-creuses\/#primaryimage"},"image":{"@id":"https:\/\/zokola.be\/fr\/figurines-creuses\/#primaryimage"},"thumbnailUrl":"https:\/\/zokola.be\/wp-content\/uploads\/2021\/11\/Zokola-124314.jpg","datePublished":"2022-01-04T07:46:39+00:00","dateModified":"2023-08-04T09:02:48+00:00","breadcrumb":{"@id":"https:\/\/zokola.be\/fr\/figurines-creuses\/#breadcrumb"},"inLanguage":"de","potentialAction":[{"@type":"ReadAction","target":["https:\/\/zokola.be\/fr\/figurines-creuses\/"]}]},{"@type":"ImageObject","inLanguage":"de","@id":"https:\/\/zokola.be\/fr\/figurines-creuses\/#primaryimage","url":"https:\/\/zokola.be\/wp-content\/uploads\/2021\/11\/Zokola-124314.jpg","contentUrl":"https:\/\/zokola.be\/wp-content\/uploads\/2021\/11\/Zokola-124314.jpg","width":2000,"height":1295,"caption":"Holgoed Chocolade door Zokola"},{"@type":"BreadcrumbList","@id":"https:\/\/zokola.be\/fr\/figurines-creuses\/#breadcrumb","itemListElement":[{"@type":"ListItem","position":1,"name":"Home","item":"https:\/\/zokola.be\/"},{"@type":"ListItem","position":2,"name":"Holgoed"}]},{"@type":"WebSite","@id":"https:\/\/zokola.be\/fr\/#website","url":"https:\/\/zokola.be\/fr\/","name":"Zokola","description":"Business Boosting Chocolates","publisher":{"@id":"https:\/\/zokola.be\/fr\/#organization"},"potentialAction":[{"@type":"SearchAction","target":{"@type":"EntryPoint","urlTemplate":"https:\/\/zokola.be\/fr\/?s={search_term_string}"},"query-input":{"@type":"PropertyValueSpecification","valueRequired":true,"valueName":"search_term_string"}}],"inLanguage":"de"},{"@type":"Organization","@id":"https:\/\/zokola.be\/fr\/#organization","name":"Zokola","url":"https:\/\/zokola.be\/fr\/","logo":{"@type":"ImageObject","inLanguage":"de","@id":"https:\/\/zokola.be\/fr\/#\/schema\/logo\/image\/","url":"http:\/\/www.zokola.be\/wp-content\/uploads\/2022\/01\/zokola_logo_bruin-1.png","contentUrl":"http:\/\/www.zokola.be\/wp-content\/uploads\/2022\/01\/zokola_logo_bruin-1.png","width":500,"height":170,"caption":"Zokola"},"image":{"@id":"https:\/\/zokola.be\/fr\/#\/schema\/logo\/image\/"}}]}},"_links":{"self":[{"href":"https:\/\/zokola.be\/de\/wp-json\/wp\/v2\/pages\/12437","targetHints":{"allow":["GET"]}}],"collection":[{"href":"https:\/\/zokola.be\/de\/wp-json\/wp\/v2\/pages"}],"about":[{"href":"https:\/\/zokola.be\/de\/wp-json\/wp\/v2\/types\/page"}],"author":[{"embeddable":true,"href":"https:\/\/zokola.be\/de\/wp-json\/wp\/v2\/users\/1"}],"replies":[{"embeddable":true,"href":"https:\/\/zokola.be\/de\/wp-json\/wp\/v2\/comments?post=12437"}],"version-history":[{"count":29,"href":"https:\/\/zokola.be\/de\/wp-json\/wp\/v2\/pages\/12437\/revisions"}],"predecessor-version":[{"id":14284,"href":"https:\/\/zokola.be\/de\/wp-json\/wp\/v2\/pages\/12437\/revisions\/14284"}],"wp:featuredmedia":[{"embeddable":true,"href":"https:\/\/zokola.be\/de\/wp-json\/wp\/v2\/media\/12003"}],"wp:attachment":[{"href":"https:\/\/zokola.be\/de\/wp-json\/wp\/v2\/media?parent=12437"}],"curies":[{"name":"wp","href":"https:\/\/api.w.org\/{rel}","templated":true}]}}