{"id":12426,"date":"2022-01-04T08:41:35","date_gmt":"2022-01-04T07:41:35","guid":{"rendered":"http:\/\/www.zokola.be\/?page_id=12426"},"modified":"2025-06-07T08:00:11","modified_gmt":"2025-06-07T07:00:11","slug":"suikervrije-chocolade","status":"publish","type":"page","link":"https:\/\/zokola.be\/fr\/sans-sucre\/","title":{"rendered":"chocolat sans sucre"},"content":{"rendered":"<div data-elementor-type=\"wp-page\" data-elementor-id=\"12426\" class=\"elementor elementor-12426\" data-elementor-post-type=\"page\">\n\t\t\t\t\t\t<section class=\"elementor-section elementor-top-section elementor-element elementor-element-609ec3a elementor-section-height-min-height elementor-section-full_width elementor-section-height-default elementor-section-items-middle qodef-elementor-content-no\" data-id=\"609ec3a\" data-element_type=\"section\" data-settings=\"{&quot;background_background&quot;:&quot;classic&quot;}\">\n\t\t\t\t\t\t<div class=\"elementor-container elementor-column-gap-default\">\n\t\t\t\t\t<div class=\"elementor-column elementor-col-100 elementor-top-column elementor-element elementor-element-cf16cbf\" data-id=\"cf16cbf\" data-element_type=\"column\">\n\t\t\t<div class=\"elementor-widget-wrap\">\n\t\t\t\t\t\t\t<\/div>\n\t\t<\/div>\n\t\t\t\t\t<\/div>\n\t\t<\/section>\n\t\t\t\t<section class=\"elementor-section elementor-top-section elementor-element elementor-element-8663863 qodef-elementor-content-grid elementor-section-boxed elementor-section-height-default elementor-section-height-default\" data-id=\"8663863\" data-element_type=\"section\" data-settings=\"{&quot;background_background&quot;:&quot;classic&quot;}\">\n\t\t\t\t\t\t<div class=\"elementor-container elementor-column-gap-default\">\n\t\t\t\t\t<div class=\"elementor-column elementor-col-100 elementor-top-column elementor-element elementor-element-5742302\" data-id=\"5742302\" data-element_type=\"column\">\n\t\t\t<div class=\"elementor-widget-wrap elementor-element-populated\">\n\t\t\t\t\t\t<div class=\"elementor-element elementor-element-c943e63 elementor-widget elementor-widget-swissdelight_core_section_title\" data-id=\"c943e63\" data-element_type=\"widget\" data-widget_type=\"swissdelight_core_section_title.default\">\n\t\t\t\t<div class=\"elementor-widget-container\">\n\t\t\t\t\t<div class=\"qodef-shortcode qodef-m  qodef-section-title qodef-alignment--center  qodef-appear-animation--enabled\">\n\t\t<span class=\"qodef-m-tagline\" >sans sucre ou faible teneur en sucre<\/span>\n\t<h1 class=\"qodef-m-title\" >\n\t\t\tchocolat <span class=\"qodef-subtitle-wrapper\">sans sucres ajout\u00e9s<span class=\"qodef-m-subtitle\" >d\u00e9licieux<\/span><\/span>\t<\/h1>\n\t\t<\/div>\n\t\t\t\t<\/div>\n\t\t\t\t<\/div>\n\t\t\t\t<div class=\"elementor-element elementor-element-e0e0b86 elementor-widget elementor-widget-spacer\" data-id=\"e0e0b86\" data-element_type=\"widget\" data-widget_type=\"spacer.default\">\n\t\t\t\t<div class=\"elementor-widget-container\">\n\t\t\t\t\t\t\t<div class=\"elementor-spacer\">\n\t\t\t<div class=\"elementor-spacer-inner\"><\/div>\n\t\t<\/div>\n\t\t\t\t\t\t<\/div>\n\t\t\t\t<\/div>\n\t\t\t\t<section class=\"elementor-section elementor-inner-section elementor-element elementor-element-95e63e1 elementor-section-boxed elementor-section-height-default elementor-section-height-default qodef-elementor-content-no\" data-id=\"95e63e1\" data-element_type=\"section\">\n\t\t\t\t\t\t<div class=\"elementor-container elementor-column-gap-default\">\n\t\t\t\t\t<div class=\"elementor-column elementor-col-50 elementor-inner-column elementor-element elementor-element-4a53ba2\" data-id=\"4a53ba2\" data-element_type=\"column\">\n\t\t\t<div class=\"elementor-widget-wrap elementor-element-populated\">\n\t\t\t\t\t\t<div class=\"elementor-element elementor-element-291df4d elementor-widget elementor-widget-heading\" data-id=\"291df4d\" data-element_type=\"widget\" data-widget_type=\"heading.default\">\n\t\t\t\t<div class=\"elementor-widget-container\">\n\t\t\t\t\t<h2 class=\"elementor-heading-title elementor-size-default\">NOTRE MISSION : UN D\u00c9LICIEUX CHOCOLAT POUR TOUS !<\/h2>\t\t\t\t<\/div>\n\t\t\t\t<\/div>\n\t\t\t\t<div class=\"elementor-element elementor-element-6bc1cb6 elementor-widget elementor-widget-text-editor\" data-id=\"6bc1cb6\" data-element_type=\"widget\" data-widget_type=\"text-editor.default\">\n\t\t\t\t<div class=\"elementor-widget-container\">\n\t\t\t\t\t\t\t\t\t<p>Pour les diab\u00e9tiques, de plus en plus nombreux, trouver une gourmandise sans sucre est souvent un v\u00e9ritable casse-t\u00eate. Zokola n'en a pas le choix ! Nos produits sans sucre et faible teneur en sucre sont tout aussi savoureux que les versions sucr\u00e9es. Zokola propose une large gamme de produits standards pour tous : disques de chocolat, chocolat au marteau, mendiants, pralines, m\u00e9los sans sucre,  liqueur d\u2019advokaat, il y a l\u2019embarras du choix...<\/p><div id=\"ConnectiveDocSignExtentionInstalled\" data-extension-version=\"1.0.4\"><a href=\"https:\/\/zokola.be\/fr\/aanbod-suikervrij\/\"><a href=\"https:\/\/zokola.be\/fr\/suikervrij-assortiment-frans\/\" target=\"_self\">Cliquez ici<\/a><\/a> pour d\u00e9couvrir notre vaste gamme de produits sans sucres ajout\u00e9s<\/div>\t\t\t\t\t\t\t\t<\/div>\n\t\t\t\t<\/div>\n\t\t\t\t\t<\/div>\n\t\t<\/div>\n\t\t\t\t<div class=\"elementor-column elementor-col-50 elementor-inner-column elementor-element elementor-element-f71511a\" data-id=\"f71511a\" data-element_type=\"column\">\n\t\t\t<div class=\"elementor-widget-wrap elementor-element-populated\">\n\t\t\t\t\t\t<div class=\"elementor-element elementor-element-fb7b86e elementor-widget elementor-widget-heading\" data-id=\"fb7b86e\" data-element_type=\"widget\" data-widget_type=\"heading.default\">\n\t\t\t\t<div class=\"elementor-widget-container\">\n\t\t\t\t\t<h2 class=\"elementor-heading-title elementor-size-default\">SANS SUCRE TOUTE L'ANN\u00c9E !<\/h2>\t\t\t\t<\/div>\n\t\t\t\t<\/div>\n\t\t\t\t<div class=\"elementor-element elementor-element-d2b5029 elementor-widget elementor-widget-text-editor\" data-id=\"d2b5029\" data-element_type=\"widget\" data-widget_type=\"text-editor.default\">\n\t\t\t\t<div class=\"elementor-widget-container\">\n\t\t\t\t\t\t\t\t\t<p>Tout comme \u00e0 la gamme g\u00e9n\u00e9rale, nous avons aussi quelque chose pour tous \u00e0 chaque saison. : figurines creuses (P\u00e2ques &amp; Saint Nicolas), \u0153ufs de P\u00e2ques creux et fourr\u00e9s, des petits Saints fourr\u00e9s... Par saison, nous proposons \u00e9galement un savoureux m\u00e9lange de chocolat sous diff\u00e9rentes formes. et saveurs. Voulez-vous surprendre votre bien-aim\u00e9 avec un m\u00e9lange de Saint-Valentin sans sucre ou est-ce que le lapin de P\u00e2ques peut-il apporter un m\u00e9lange de P\u00e2ques ? M\u00eame lorsque les intemp\u00e9ries de l'automne arrivent, nous offrons du r\u00e9confort avec un d\u00e9licieux et beau m\u00e9lange de chocolat avec des noix de ch\u00eane, des noix, des tablettes croquantes ...<\/p><p>M\u00eame \u00e0 No\u00ebl nous vous proposons un m\u00e9lange color\u00e9 et savoureux, le tout sans sucre\/peu sucr\u00e9 ! De cette fa\u00e7on, les clients peuvent profiter d'un chocolat sans sucre toute l'ann\u00e9e.<\/p>\t\t\t\t\t\t\t\t<\/div>\n\t\t\t\t<\/div>\n\t\t\t\t\t<\/div>\n\t\t<\/div>\n\t\t\t\t\t<\/div>\n\t\t<\/section>\n\t\t\t\t\t<\/div>\n\t\t<\/div>\n\t\t\t\t\t<\/div>\n\t\t<\/section>\n\t\t\t\t<section class=\"elementor-section elementor-top-section elementor-element elementor-element-3579c03 elementor-section-boxed elementor-section-height-default elementor-section-height-default qodef-elementor-content-no\" data-id=\"3579c03\" data-element_type=\"section\">\n\t\t\t\t\t\t<div class=\"elementor-container elementor-column-gap-default\">\n\t\t\t\t\t<div class=\"elementor-column elementor-col-100 elementor-top-column elementor-element elementor-element-1bd691f\" data-id=\"1bd691f\" data-element_type=\"column\">\n\t\t\t<div class=\"elementor-widget-wrap elementor-element-populated\">\n\t\t\t\t\t\t<div class=\"elementor-element elementor-element-73fd99d elementor-widget elementor-widget-tp-gallery-listout\" data-id=\"73fd99d\" data-element_type=\"widget\" data-widget_type=\"tp-gallery-listout.default\">\n\t\t\t\t<div class=\"elementor-widget-container\">\n\t\t\t\t\t<div id=\"pt-plus-gallery-list\" class=\"gallery-list post69d38a23d69a7  list-isotope-metro  gallery-style-1 hover-image-style-1\"  data-layout-type=\"metro\"  data-metro-columns=\"3\"  data-metro-style=\"style-1\"   data-id=\"post69d38a23d69a7\" data-style=\"style-1\"  data-enable-isotope=\"1\"><div id=\"post69d38a23d69a7\" class=\"tp-row post-inner-loop post69d38a23d69a7\"><div class=\"grid-item metro-item1\" >\t<div class=\"gallery-list-content\">\n\n\t\t<div class=\"post-content-center\">\t\t\n\t\t<div class=\"post-hover-content\">\n\t\t\t<div class=\"meta-search-icon\">\t\n\t\t<a href=\"https:\/\/zokola.be\/wp-content\/uploads\/2024\/04\/1948SesamBlokjeSfeer-e1713973372660.jpg\" data-elementor-open-lightbox=\"default\" data-elementor-lightbox-slideshow=\"icn-73fd99d\"><i class=\"fas fa-search-plus\" aria-hidden=\"true\"><\/i><\/a>\n<\/div>\t\t\t\t\t\t\t\t\t\t\t<\/div>\n\t<\/div>\n\t\t\t<div class=\"gallery-bg-image-metro\" style=\"background:url(https:\/\/zokola.be\/wp-content\/uploads\/2024\/04\/1948SesamBlokjeSfeer-e1713973372660.jpg)\"><\/div>\n\t\t<\/div><\/div><div class=\"grid-item metro-item2\" >\t<div class=\"gallery-list-content\">\n\n\t\t<div class=\"post-content-center\">\t\t\n\t\t<div class=\"post-hover-content\">\n\t\t\t<div class=\"meta-search-icon\">\t\n\t\t<a href=\"https:\/\/zokola.be\/wp-content\/uploads\/2024\/04\/1949CremeBruleeBlokje-e1713973507110.jpg\" data-elementor-open-lightbox=\"default\" data-elementor-lightbox-slideshow=\"icn-73fd99d\"><i class=\"fas fa-search-plus\" aria-hidden=\"true\"><\/i><\/a>\n<\/div>\t\t\t\t\t\t\t\t\t\t\t<\/div>\n\t<\/div>\n\t\t\t<div class=\"gallery-bg-image-metro\" style=\"background:url(https:\/\/zokola.be\/wp-content\/uploads\/2024\/04\/1949CremeBruleeBlokje-e1713973507110.jpg)\"><\/div>\n\t\t<\/div><\/div><\/div><\/div>\t\t\t\t<\/div>\n\t\t\t\t<\/div>\n\t\t\t\t\t<\/div>\n\t\t<\/div>\n\t\t\t\t\t<\/div>\n\t\t<\/section>\n\t\t\t\t<section class=\"elementor-section elementor-top-section elementor-element elementor-element-80ed468 qodef-elementor-content-grid elementor-section-boxed elementor-section-height-default elementor-section-height-default\" data-id=\"80ed468\" data-element_type=\"section\" data-settings=\"{&quot;background_background&quot;:&quot;classic&quot;}\">\n\t\t\t\t\t\t<div class=\"elementor-container elementor-column-gap-default\">\n\t\t\t\t\t<div class=\"elementor-column elementor-col-33 elementor-top-column elementor-element elementor-element-1320085\" data-id=\"1320085\" data-element_type=\"column\">\n\t\t\t<div class=\"elementor-widget-wrap elementor-element-populated\">\n\t\t\t\t\t\t<div class=\"elementor-element elementor-element-602a6e4 elementor-widget__width-auto elementor-widget elementor-widget-global elementor-global-12355 elementor-widget-swissdelight_core_icon_with_text\" data-id=\"602a6e4\" data-element_type=\"widget\" data-widget_type=\"swissdelight_core_icon_with_text.default\">\n\t\t\t\t<div class=\"elementor-widget-container\">\n\t\t\t\t\t<div class=\"qodef-shortcode qodef-m  qodef-icon-with-text qodef-layout--before-title qodef--icon-pack\">\n\t<div class=\"qodef-m-content\">\n\t\t\t<h6 class=\"qodef-m-title\" >\n\t\t\t\t\t<a itemprop=\"url\" href=\"https:\/\/zokola.be\/fr\/a-propos-de-zokola\/\" target=\"_self\">\n\t\t\t\t\t<span class=\"qodef-m-title-inner\">\n\t\t\t\t<span class=\"qodef-m-icon-wrapper\">\n\t\t\t\t\t<span class=\"qodef-shortcode qodef-m  qodef-icon-holder qodef-size--default qodef-layout--normal\"  >\t\t\t<span class=\"qodef-icon-linear-icons lnr-home lnr qodef-icon qodef-e\" style=\"\" ><\/span>\t<\/span>\t\t\t\t<\/span>\n\t\t\t\t<span class=\"qodef-m-title-text\">\n\t\t\t\t\tA propos de Zokola\t\t\t\t<\/span>\n\t\t\t<\/span>\n\t\t\t\t\t<\/a>\n\t\t\t<\/h6>\n\t\t\t<\/div>\n<\/div>\n\t\t\t\t<\/div>\n\t\t\t\t<\/div>\n\t\t\t\t\t<\/div>\n\t\t<\/div>\n\t\t\t\t<div class=\"elementor-column elementor-col-33 elementor-top-column elementor-element elementor-element-03f2f9d\" data-id=\"03f2f9d\" data-element_type=\"column\">\n\t\t\t<div class=\"elementor-widget-wrap elementor-element-populated\">\n\t\t\t\t\t\t<div class=\"elementor-element elementor-element-d91979e elementor-widget__width-auto elementor-widget elementor-widget-global elementor-global-12358 elementor-widget-swissdelight_core_icon_with_text\" data-id=\"d91979e\" data-element_type=\"widget\" data-widget_type=\"swissdelight_core_icon_with_text.default\">\n\t\t\t\t<div class=\"elementor-widget-container\">\n\t\t\t\t\t<div class=\"qodef-shortcode qodef-m  qodef-icon-with-text qodef-layout--before-title qodef--icon-pack\">\n\t<div class=\"qodef-m-content\">\n\t\t\t<h6 class=\"qodef-m-title\" >\n\t\t\t\t\t<a itemprop=\"url\" href=\"https:\/\/zokola.be\/fr\/b2b-zone\/\" target=\"_self\">\n\t\t\t\t\t<span class=\"qodef-m-title-inner\">\n\t\t\t\t<span class=\"qodef-m-icon-wrapper\">\n\t\t\t\t\t<span class=\"qodef-shortcode qodef-m  qodef-icon-holder qodef-size--default qodef-layout--normal\"  >\t\t\t<span class=\"qodef-icon-linear-icons lnr-exit lnr qodef-icon qodef-e\" style=\"\" ><\/span>\t<\/span>\t\t\t\t<\/span>\n\t\t\t\t<span class=\"qodef-m-title-text\">\n\t\t\t\t\tEspace B2B\t\t\t\t<\/span>\n\t\t\t<\/span>\n\t\t\t\t\t<\/a>\n\t\t\t<\/h6>\n\t\t\t<\/div>\n<\/div>\n\t\t\t\t<\/div>\n\t\t\t\t<\/div>\n\t\t\t\t\t<\/div>\n\t\t<\/div>\n\t\t\t\t<div class=\"elementor-column elementor-col-33 elementor-top-column elementor-element elementor-element-3846142\" data-id=\"3846142\" data-element_type=\"column\">\n\t\t\t<div class=\"elementor-widget-wrap elementor-element-populated\">\n\t\t\t\t\t\t<div class=\"elementor-element elementor-element-e9c231a elementor-widget__width-auto elementor-widget elementor-widget-global elementor-global-12361 elementor-widget-swissdelight_core_icon_with_text\" data-id=\"e9c231a\" data-element_type=\"widget\" data-widget_type=\"swissdelight_core_icon_with_text.default\">\n\t\t\t\t<div class=\"elementor-widget-container\">\n\t\t\t\t\t<div class=\"qodef-shortcode qodef-m  qodef-icon-with-text qodef-layout--before-title qodef--icon-pack\">\n\t<div class=\"qodef-m-content\">\n\t\t\t<h6 class=\"qodef-m-title\" >\n\t\t\t\t\t<a itemprop=\"url\" href=\"https:\/\/zokola.be\/fr\/points-de-vente\/\" target=\"_self\">\n\t\t\t\t\t<span class=\"qodef-m-title-inner\">\n\t\t\t\t<span class=\"qodef-m-icon-wrapper\">\n\t\t\t\t\t<span class=\"qodef-shortcode qodef-m  qodef-icon-holder qodef-size--default qodef-layout--normal\"  >\t\t\t<span class=\"qodef-icon-linear-icons lnr-map lnr qodef-icon qodef-e\" style=\"\" ><\/span>\t<\/span>\t\t\t\t<\/span>\n\t\t\t\t<span class=\"qodef-m-title-text\">\n\t\t\t\t\tpoints de vente\t\t\t\t<\/span>\n\t\t\t<\/span>\n\t\t\t\t\t<\/a>\n\t\t\t<\/h6>\n\t\t\t<\/div>\n<\/div>\n\t\t\t\t<\/div>\n\t\t\t\t<\/div>\n\t\t\t\t\t<\/div>\n\t\t<\/div>\n\t\t\t\t\t<\/div>\n\t\t<\/section>\n\t\t\t\t<\/div>","protected":false},"excerpt":{"rendered":"<p>Suikervrij of suikerarm Suikervrije ChocoladeVerrukkelijk Onze missie: lekkere chocolade voor iedereen! Voor de groeiende groep diabetici is het heel vaak behelpen in de zoektocht naar een lekker suikervrij extraatje. Niet als het aan Zokola ligt! Onze suikervrije en suikerarme producten zijn even lekker als de suikerhoudende variant. Zokola maakt een ruim assortiment van standaard producten [&hellip;]<\/p>","protected":false},"author":1,"featured_media":11992,"parent":0,"menu_order":0,"comment_status":"closed","ping_status":"closed","template":"page-full-width.php","meta":{"_acf_changed":false,"footnotes":""},"class_list":["post-12426","page","type-page","status-publish","has-post-thumbnail","hentry"],"acf":[],"yoast_head":"<!-- This site is optimized with the Yoast SEO plugin v26.2 - https:\/\/yoast.com\/wordpress\/plugins\/seo\/ -->\n<title>Suikervrije Chocolade - Zokola<\/title>\n<meta name=\"robots\" content=\"index, follow, max-snippet:-1, max-image-preview:large, max-video-preview:-1\" \/>\n<link rel=\"canonical\" href=\"https:\/\/zokola.be\/fr\/sugarfree\/\" \/>\n<meta property=\"og:locale\" content=\"fr_FR\" \/>\n<meta property=\"og:type\" content=\"article\" \/>\n<meta property=\"og:title\" content=\"Suikervrije Chocolade - Zokola\" \/>\n<meta property=\"og:description\" content=\"Suikervrij of suikerarm Suikervrije ChocoladeVerrukkelijk Onze missie: lekkere chocolade voor iedereen! Voor de groeiende groep diabetici is het heel vaak behelpen in de zoektocht naar een lekker suikervrij extraatje. Niet als het aan Zokola ligt! Onze suikervrije en suikerarme producten zijn even lekker als de suikerhoudende variant. Zokola maakt een ruim assortiment van standaard producten [&hellip;]\" \/>\n<meta property=\"og:url\" content=\"https:\/\/zokola.be\/fr\/sugarfree\/\" \/>\n<meta property=\"og:site_name\" content=\"Zokola\" \/>\n<meta property=\"article:modified_time\" content=\"2025-06-07T07:00:11+00:00\" \/>\n<meta property=\"og:image\" content=\"https:\/\/zokola.be\/wp-content\/uploads\/2021\/11\/Zokola-124155.jpg\" \/>\n\t<meta property=\"og:image:width\" content=\"2000\" \/>\n\t<meta property=\"og:image:height\" content=\"1178\" \/>\n\t<meta property=\"og:image:type\" content=\"image\/jpeg\" \/>\n<meta name=\"twitter:card\" content=\"summary_large_image\" \/>\n<meta name=\"twitter:label1\" content=\"Dur\u00e9e de lecture estim\u00e9e\" \/>\n\t<meta name=\"twitter:data1\" content=\"2 minutes\" \/>\n<script type=\"application\/ld+json\" class=\"yoast-schema-graph\">{\"@context\":\"https:\/\/schema.org\",\"@graph\":[{\"@type\":\"WebPage\",\"@id\":\"https:\/\/zokola.be\/en\/sugarfree\/\",\"url\":\"https:\/\/zokola.be\/en\/sugarfree\/\",\"name\":\"Suikervrije Chocolade - Zokola\",\"isPartOf\":{\"@id\":\"https:\/\/zokola.be\/fr\/#website\"},\"primaryImageOfPage\":{\"@id\":\"https:\/\/zokola.be\/en\/sugarfree\/#primaryimage\"},\"image\":{\"@id\":\"https:\/\/zokola.be\/en\/sugarfree\/#primaryimage\"},\"thumbnailUrl\":\"https:\/\/zokola.be\/wp-content\/uploads\/2021\/11\/Zokola-124155.jpg\",\"datePublished\":\"2022-01-04T07:41:35+00:00\",\"dateModified\":\"2025-06-07T07:00:11+00:00\",\"breadcrumb\":{\"@id\":\"https:\/\/zokola.be\/en\/sugarfree\/#breadcrumb\"},\"inLanguage\":\"fr-FR\",\"potentialAction\":[{\"@type\":\"ReadAction\",\"target\":[\"https:\/\/zokola.be\/en\/sugarfree\/\"]}]},{\"@type\":\"ImageObject\",\"inLanguage\":\"fr-FR\",\"@id\":\"https:\/\/zokola.be\/en\/sugarfree\/#primaryimage\",\"url\":\"https:\/\/zokola.be\/wp-content\/uploads\/2021\/11\/Zokola-124155.jpg\",\"contentUrl\":\"https:\/\/zokola.be\/wp-content\/uploads\/2021\/11\/Zokola-124155.jpg\",\"width\":2000,\"height\":1178,\"caption\":\"Suikervrije Chocolade door Zokola\"},{\"@type\":\"BreadcrumbList\",\"@id\":\"https:\/\/zokola.be\/en\/sugarfree\/#breadcrumb\",\"itemListElement\":[{\"@type\":\"ListItem\",\"position\":1,\"name\":\"Home\",\"item\":\"https:\/\/zokola.be\/\"},{\"@type\":\"ListItem\",\"position\":2,\"name\":\"Suikervrije Chocolade\"}]},{\"@type\":\"WebSite\",\"@id\":\"https:\/\/zokola.be\/fr\/#website\",\"url\":\"https:\/\/zokola.be\/fr\/\",\"name\":\"Zokola\",\"description\":\"Business Boosting Chocolates\",\"publisher\":{\"@id\":\"https:\/\/zokola.be\/fr\/#organization\"},\"potentialAction\":[{\"@type\":\"SearchAction\",\"target\":{\"@type\":\"EntryPoint\",\"urlTemplate\":\"https:\/\/zokola.be\/fr\/?s={search_term_string}\"},\"query-input\":{\"@type\":\"PropertyValueSpecification\",\"valueRequired\":true,\"valueName\":\"search_term_string\"}}],\"inLanguage\":\"fr-FR\"},{\"@type\":\"Organization\",\"@id\":\"https:\/\/zokola.be\/fr\/#organization\",\"name\":\"Zokola\",\"url\":\"https:\/\/zokola.be\/fr\/\",\"logo\":{\"@type\":\"ImageObject\",\"inLanguage\":\"fr-FR\",\"@id\":\"https:\/\/zokola.be\/fr\/#\/schema\/logo\/image\/\",\"url\":\"http:\/\/www.zokola.be\/wp-content\/uploads\/2022\/01\/zokola_logo_bruin-1.png\",\"contentUrl\":\"http:\/\/www.zokola.be\/wp-content\/uploads\/2022\/01\/zokola_logo_bruin-1.png\",\"width\":500,\"height\":170,\"caption\":\"Zokola\"},\"image\":{\"@id\":\"https:\/\/zokola.be\/fr\/#\/schema\/logo\/image\/\"}}]}<\/script>\n<!-- \/ Yoast SEO plugin. -->","yoast_head_json":{"title":"Chocolat sans sucres ajout\u00e9s","robots":{"index":"index","follow":"follow","max-snippet":"max-snippet:-1","max-image-preview":"max-image-preview:large","max-video-preview":"max-video-preview:-1"},"canonical":"https:\/\/zokola.be\/fr\/sugarfree\/","og_locale":"fr_FR","og_type":"article","og_title":"Suikervrije Chocolade - Zokola","og_description":"Suikervrij of suikerarm Suikervrije ChocoladeVerrukkelijk Onze missie: lekkere chocolade voor iedereen! Voor de groeiende groep diabetici is het heel vaak behelpen in de zoektocht naar een lekker suikervrij extraatje. Niet als het aan Zokola ligt! Onze suikervrije en suikerarme producten zijn even lekker als de suikerhoudende variant. Zokola maakt een ruim assortiment van standaard producten [&hellip;]","og_url":"https:\/\/zokola.be\/fr\/sugarfree\/","og_site_name":"Zokola","article_modified_time":"2025-06-07T07:00:11+00:00","og_image":[{"width":2000,"height":1178,"url":"https:\/\/zokola.be\/wp-content\/uploads\/2021\/11\/Zokola-124155.jpg","type":"image\/jpeg"}],"twitter_card":"summary_large_image","twitter_misc":{"Dur\u00e9e de lecture estim\u00e9e":"2 minutes"},"schema":{"@context":"https:\/\/schema.org","@graph":[{"@type":"WebPage","@id":"https:\/\/zokola.be\/en\/sugarfree\/","url":"https:\/\/zokola.be\/en\/sugarfree\/","name":"Chocolat sans sucres ajout\u00e9s","isPartOf":{"@id":"https:\/\/zokola.be\/fr\/#website"},"primaryImageOfPage":{"@id":"https:\/\/zokola.be\/en\/sugarfree\/#primaryimage"},"image":{"@id":"https:\/\/zokola.be\/en\/sugarfree\/#primaryimage"},"thumbnailUrl":"https:\/\/zokola.be\/wp-content\/uploads\/2021\/11\/Zokola-124155.jpg","datePublished":"2022-01-04T07:41:35+00:00","dateModified":"2025-06-07T07:00:11+00:00","breadcrumb":{"@id":"https:\/\/zokola.be\/en\/sugarfree\/#breadcrumb"},"inLanguage":"fr-FR","potentialAction":[{"@type":"ReadAction","target":["https:\/\/zokola.be\/en\/sugarfree\/"]}]},{"@type":"ImageObject","inLanguage":"fr-FR","@id":"https:\/\/zokola.be\/en\/sugarfree\/#primaryimage","url":"https:\/\/zokola.be\/wp-content\/uploads\/2021\/11\/Zokola-124155.jpg","contentUrl":"https:\/\/zokola.be\/wp-content\/uploads\/2021\/11\/Zokola-124155.jpg","width":2000,"height":1178,"caption":"Suikervrije Chocolade door Zokola"},{"@type":"BreadcrumbList","@id":"https:\/\/zokola.be\/en\/sugarfree\/#breadcrumb","itemListElement":[{"@type":"ListItem","position":1,"name":"Home","item":"https:\/\/zokola.be\/"},{"@type":"ListItem","position":2,"name":"Suikervrije Chocolade"}]},{"@type":"WebSite","@id":"https:\/\/zokola.be\/fr\/#website","url":"https:\/\/zokola.be\/fr\/","name":"Zokola","description":"Business Boosting Chocolates","publisher":{"@id":"https:\/\/zokola.be\/fr\/#organization"},"potentialAction":[{"@type":"SearchAction","target":{"@type":"EntryPoint","urlTemplate":"https:\/\/zokola.be\/fr\/?s={search_term_string}"},"query-input":{"@type":"PropertyValueSpecification","valueRequired":true,"valueName":"search_term_string"}}],"inLanguage":"fr-FR"},{"@type":"Organization","@id":"https:\/\/zokola.be\/fr\/#organization","name":"Zokola","url":"https:\/\/zokola.be\/fr\/","logo":{"@type":"ImageObject","inLanguage":"fr-FR","@id":"https:\/\/zokola.be\/fr\/#\/schema\/logo\/image\/","url":"http:\/\/www.zokola.be\/wp-content\/uploads\/2022\/01\/zokola_logo_bruin-1.png","contentUrl":"http:\/\/www.zokola.be\/wp-content\/uploads\/2022\/01\/zokola_logo_bruin-1.png","width":500,"height":170,"caption":"Zokola"},"image":{"@id":"https:\/\/zokola.be\/fr\/#\/schema\/logo\/image\/"}}]}},"_links":{"self":[{"href":"https:\/\/zokola.be\/fr\/wp-json\/wp\/v2\/pages\/12426","targetHints":{"allow":["GET"]}}],"collection":[{"href":"https:\/\/zokola.be\/fr\/wp-json\/wp\/v2\/pages"}],"about":[{"href":"https:\/\/zokola.be\/fr\/wp-json\/wp\/v2\/types\/page"}],"author":[{"embeddable":true,"href":"https:\/\/zokola.be\/fr\/wp-json\/wp\/v2\/users\/1"}],"replies":[{"embeddable":true,"href":"https:\/\/zokola.be\/fr\/wp-json\/wp\/v2\/comments?post=12426"}],"version-history":[{"count":67,"href":"https:\/\/zokola.be\/fr\/wp-json\/wp\/v2\/pages\/12426\/revisions"}],"predecessor-version":[{"id":14308,"href":"https:\/\/zokola.be\/fr\/wp-json\/wp\/v2\/pages\/12426\/revisions\/14308"}],"wp:featuredmedia":[{"embeddable":true,"href":"https:\/\/zokola.be\/fr\/wp-json\/wp\/v2\/media\/11992"}],"wp:attachment":[{"href":"https:\/\/zokola.be\/fr\/wp-json\/wp\/v2\/media?parent=12426"}],"curies":[{"name":"wp","href":"https:\/\/api.w.org\/{rel}","templated":true}]}}